{"id":1455,"date":"2020-11-12T15:19:27","date_gmt":"2020-11-12T15:19:27","guid":{"rendered":"https:\/\/startertemplatecloud.com\/g01\/?page_id=1455"},"modified":"2024-10-01T21:43:44","modified_gmt":"2024-10-02T01:43:44","slug":"contact","status":"publish","type":"page","link":"https:\/\/dktoitures.com\/?page_id=1455","title":{"rendered":"Nous joindre"},"content":{"rendered":"<style>.kb-row-layout-id1455_889aec-38 > .kt-row-column-wrap{align-content:start;}:where(.kb-row-layout-id1455_889aec-38 > .kt-row-column-wrap) > .wp-block-kadence-column{justify-content:start;}.kb-row-layout-id1455_889aec-38 > .kt-row-column-wrap{column-gap:var(--global-kb-gap-md, 2rem);row-gap:var(--global-kb-gap-md, 2rem);max-width:var( --global-content-width, 1290px );padding-left:var(--global-content-edge-padding);padding-right:var(--global-content-edge-padding);padding-top:225px;padding-bottom:25px;grid-template-columns:minmax(0, 1fr);}.kb-row-layout-id1455_889aec-38{background-image:url('http:\/\/dktoitures.com\/wp-content\/uploads\/2023\/06\/gars-travaillant-3.jpeg');background-size:cover;background-position:51% 34%;background-attachment:scroll;background-repeat:no-repeat;}.kb-row-layout-id1455_889aec-38 > .kt-row-layout-overlay{opacity:0.55;background-color:#242d2d;}@media all and (max-width: 1024px){.kb-row-layout-id1455_889aec-38 > .kt-row-column-wrap{grid-template-columns:minmax(0, 1fr);}}@media all and (max-width: 767px){.kb-row-layout-id1455_889aec-38 > .kt-row-column-wrap{grid-template-columns:minmax(0, 1fr);}}<\/style><div class=\"kb-row-layout-wrap kb-row-layout-id1455_889aec-38 alignnone kt-row-has-bg wp-block-kadence-rowlayout\"><div class=\"kt-row-layout-overlay kt-row-overlay-normal\"><\/div><div class=\"kt-row-column-wrap kt-has-1-columns kt-row-layout-equal kt-tab-layout-inherit kt-mobile-layout-row kt-row-valign-top kb-theme-content-width\">\n<style>.kadence-column1455_6fad1f-79 > .kt-inside-inner-col,.kadence-column1455_6fad1f-79 > .kt-inside-inner-col:before{border-top-left-radius:0px;border-top-right-radius:0px;border-bottom-right-radius:0px;border-bottom-left-radius:0px;}.kadence-column1455_6fad1f-79 > .kt-inside-inner-col{column-gap:var(--global-kb-gap-sm, 1rem);}.kadence-column1455_6fad1f-79 > .kt-inside-inner-col{flex-direction:column;}.kadence-column1455_6fad1f-79 > .kt-inside-inner-col > .aligncenter{width:100%;}.kadence-column1455_6fad1f-79 > .kt-inside-inner-col:before{opacity:0.3;}.kadence-column1455_6fad1f-79{position:relative;}@media all and (max-width: 1024px){.kadence-column1455_6fad1f-79 > .kt-inside-inner-col{flex-direction:column;}}@media all and (max-width: 767px){.kadence-column1455_6fad1f-79 > .kt-inside-inner-col{flex-direction:column;}}<\/style>\n<div class=\"wp-block-kadence-column kadence-column1455_6fad1f-79 inner-column-1\"><div class=\"kt-inside-inner-col\"><style>.wp-block-kadence-advancedheading.kt-adv-heading1455_fcf625-43, .wp-block-kadence-advancedheading.kt-adv-heading1455_fcf625-43[data-kb-block=\"kb-adv-heading1455_fcf625-43\"]{font-size:65px;font-weight:normal;font-style:normal;}.wp-block-kadence-advancedheading.kt-adv-heading1455_fcf625-43 mark, .wp-block-kadence-advancedheading.kt-adv-heading1455_fcf625-43[data-kb-block=\"kb-adv-heading1455_fcf625-43\"] mark{font-weight:normal;font-style:normal;color:#f76a0c;padding-top:0px;padding-right:0px;padding-bottom:0px;padding-left:0px;}@media all and (max-width: 1024px){.wp-block-kadence-advancedheading.kt-adv-heading1455_fcf625-43, .wp-block-kadence-advancedheading.kt-adv-heading1455_fcf625-43[data-kb-block=\"kb-adv-heading1455_fcf625-43\"]{font-size:45px;}}@media all and (max-width: 767px){.wp-block-kadence-advancedheading.kt-adv-heading1455_fcf625-43, .wp-block-kadence-advancedheading.kt-adv-heading1455_fcf625-43[data-kb-block=\"kb-adv-heading1455_fcf625-43\"]{font-size:35px;}}<\/style>\n<h1 class=\"kt-adv-heading1455_fcf625-43 wp-block-kadence-advancedheading has-theme-palette-9-color has-text-color\" data-kb-block=\"kb-adv-heading1455_fcf625-43\"><strong>Nous joindre<\/strong><\/h1>\n<\/div><\/div>\n\n<\/div><\/div>\n\n<style>.kb-row-layout-id1455_ee643a-1a > .kt-row-column-wrap{align-content:start;}:where(.kb-row-layout-id1455_ee643a-1a > .kt-row-column-wrap) > .wp-block-kadence-column{justify-content:start;}.kb-row-layout-id1455_ee643a-1a > .kt-row-column-wrap{column-gap:var(--global-kb-gap-md, 2rem);row-gap:var(--global-kb-gap-md, 2rem);max-width:var( --global-content-width, 1290px );padding-left:var(--global-content-edge-padding);padding-right:var(--global-content-edge-padding);padding-top:42px;padding-bottom:44px;grid-template-columns:minmax(0, 1fr);}.kb-row-layout-id1455_ee643a-1a > .kt-row-layout-overlay{opacity:0.30;}@media all and (max-width: 1024px){.kb-row-layout-id1455_ee643a-1a > .kt-row-column-wrap{grid-template-columns:minmax(0, 1fr);}}@media all and (max-width: 767px){.kb-row-layout-id1455_ee643a-1a > .kt-row-column-wrap{grid-template-columns:minmax(0, 1fr);}}<\/style><div class=\"kb-row-layout-wrap kb-row-layout-id1455_ee643a-1a alignnone wp-block-kadence-rowlayout\"><div class=\"kt-row-column-wrap kt-has-1-columns kt-row-layout-equal kt-tab-layout-inherit kt-mobile-layout-row kt-row-valign-top kb-theme-content-width\">\n<style>.kadence-column1455_d88494-9b > .kt-inside-inner-col,.kadence-column1455_d88494-9b > .kt-inside-inner-col:before{border-top-left-radius:0px;border-top-right-radius:0px;border-bottom-right-radius:0px;border-bottom-left-radius:0px;}.kadence-column1455_d88494-9b > .kt-inside-inner-col{column-gap:var(--global-kb-gap-sm, 1rem);}.kadence-column1455_d88494-9b > .kt-inside-inner-col{flex-direction:column;}.kadence-column1455_d88494-9b > .kt-inside-inner-col > .aligncenter{width:100%;}.kadence-column1455_d88494-9b > .kt-inside-inner-col:before{opacity:0.3;}.kadence-column1455_d88494-9b{position:relative;}@media all and (max-width: 1024px){.kadence-column1455_d88494-9b > .kt-inside-inner-col{flex-direction:column;}}@media all and (max-width: 767px){.kadence-column1455_d88494-9b > .kt-inside-inner-col{flex-direction:column;}}<\/style>\n<div class=\"wp-block-kadence-column kadence-column1455_d88494-9b inner-column-1\"><div class=\"kt-inside-inner-col\"><style>.wp-block-kadence-advancedheading.kt-adv-heading1455_417e23-36, .wp-block-kadence-advancedheading.kt-adv-heading1455_417e23-36[data-kb-block=\"kb-adv-heading1455_417e23-36\"]{font-size:35px;font-weight:400;font-style:normal;}.wp-block-kadence-advancedheading.kt-adv-heading1455_417e23-36 mark, .wp-block-kadence-advancedheading.kt-adv-heading1455_417e23-36[data-kb-block=\"kb-adv-heading1455_417e23-36\"] mark{font-weight:normal;font-style:normal;color:#f76a0c;padding-top:0px;padding-right:0px;padding-bottom:0px;padding-left:0px;}@media all and (max-width: 1024px){.wp-block-kadence-advancedheading.kt-adv-heading1455_417e23-36, .wp-block-kadence-advancedheading.kt-adv-heading1455_417e23-36[data-kb-block=\"kb-adv-heading1455_417e23-36\"]{font-size:25px;}}@media all and (max-width: 767px){.wp-block-kadence-advancedheading.kt-adv-heading1455_417e23-36, .wp-block-kadence-advancedheading.kt-adv-heading1455_417e23-36[data-kb-block=\"kb-adv-heading1455_417e23-36\"]{font-size:25px;}}<\/style>\n<h2 class=\"kt-adv-heading1455_417e23-36 wp-block-kadence-advancedheading\" data-kb-block=\"kb-adv-heading1455_417e23-36\">dktoituresinc@outlook.com | <strong>(514) 663-3811<\/strong><\/h2>\n\n\n\n<p><\/p>\n\n\n\n<h2 class=\"wp-block-heading has-small-font-size\">Vous avez des questions ?<\/h2>\n\n\n\n<p>Nous restons disponibles pour r\u00e9pondre \u00e0 vos questions \u00e0 tout moment. Faites-nous part de vos questionnements ou toutes autres demandes et nous nous&nbsp;engageons&nbsp;de vous&nbsp;r\u00e9pondre dans un d\u00e9lai de moins de 48 heures.&nbsp;<\/p>\n\n\n<style>.wp-block-kadence-spacer.kt-block-spacer-1455_37cc88-4f .kt-block-spacer{height:60px;}.wp-block-kadence-spacer.kt-block-spacer-1455_37cc88-4f .kt-divider{border-top-width:1px;height:1px;border-top-color:#d4aa40;width:100%;border-top-style:solid;}<\/style>\n<div class=\"wp-block-kadence-spacer aligncenter kt-block-spacer-1455_37cc88-4f\"><div class=\"kt-block-spacer kt-block-spacer-halign-center\"><hr class=\"kt-divider\"\/><\/div><\/div>\n<\/div><\/div>\n\n<\/div><\/div>\n\n<style>.kb-row-layout-id1455_9a9035-d0 > .kt-row-column-wrap{align-content:start;}:where(.kb-row-layout-id1455_9a9035-d0 > .kt-row-column-wrap) > .wp-block-kadence-column{justify-content:start;}.kb-row-layout-id1455_9a9035-d0 > .kt-row-column-wrap{column-gap:80px;row-gap:var(--global-kb-gap-md, 2rem);max-width:var( --global-content-width, 1290px );padding-left:var(--global-content-edge-padding);padding-right:var(--global-content-edge-padding);padding-top:0px;padding-bottom:90px;grid-template-columns:repeat(2, minmax(0, 1fr));}.kb-row-layout-id1455_9a9035-d0 > .kt-row-layout-overlay{opacity:0.30;}@media all and (max-width: 1024px){.kb-row-layout-id1455_9a9035-d0 > .kt-row-column-wrap{grid-template-columns:repeat(2, minmax(0, 1fr));}}@media all and (max-width: 767px){.kb-row-layout-id1455_9a9035-d0 > .kt-row-column-wrap{grid-template-columns:minmax(0, 1fr);}}<\/style><div class=\"kb-row-layout-wrap kb-row-layout-id1455_9a9035-d0 alignnone wp-block-kadence-rowlayout\"><div class=\"kt-row-column-wrap kt-has-2-columns kt-row-layout-equal kt-tab-layout-inherit kt-mobile-layout-row kt-row-valign-top kb-theme-content-width\">\n<style>.kadence-column1455_6920f3-a4 > .kt-inside-inner-col{padding-top:30px;padding-right:30px;padding-bottom:30px;padding-left:30px;}.kadence-column1455_6920f3-a4 > .kt-inside-inner-col,.kadence-column1455_6920f3-a4 > .kt-inside-inner-col:before{border-top-left-radius:0px;border-top-right-radius:0px;border-bottom-right-radius:0px;border-bottom-left-radius:0px;}.kadence-column1455_6920f3-a4 > .kt-inside-inner-col{column-gap:var(--global-kb-gap-sm, 1rem);}.kadence-column1455_6920f3-a4 > .kt-inside-inner-col{flex-direction:column;}.kadence-column1455_6920f3-a4 > .kt-inside-inner-col > .aligncenter{width:100%;}.kadence-column1455_6920f3-a4 > .kt-inside-inner-col{background-color:#d4aa40;}.kadence-column1455_6920f3-a4 > .kt-inside-inner-col:before{background-color:#d4aa40;}.kadence-column1455_6920f3-a4{position:relative;}@media all and (max-width: 1024px){.kadence-column1455_6920f3-a4 > .kt-inside-inner-col{padding-left:0px;flex-direction:column;}}@media all and (max-width: 767px){.kadence-column1455_6920f3-a4 > .kt-inside-inner-col{padding-left:var(--global-kb-spacing-sm, 1.5rem);flex-direction:column;}}<\/style>\n<div class=\"wp-block-kadence-column kadence-column1455_6920f3-a4 kb-section-has-overlay kb-section-dir-vertical inner-column-3\"><div class=\"kt-inside-inner-col\"><style>.wp-block-kadence-advancedheading.kt-adv-heading1455_8d9f3d-ef, .wp-block-kadence-advancedheading.kt-adv-heading1455_8d9f3d-ef[data-kb-block=\"kb-adv-heading1455_8d9f3d-ef\"]{font-size:25px;font-weight:normal;font-style:normal;}.wp-block-kadence-advancedheading.kt-adv-heading1455_8d9f3d-ef mark, .wp-block-kadence-advancedheading.kt-adv-heading1455_8d9f3d-ef[data-kb-block=\"kb-adv-heading1455_8d9f3d-ef\"] mark{font-weight:normal;font-style:normal;color:#f76a0c;padding-top:0px;padding-right:0px;padding-bottom:0px;padding-left:0px;}<\/style>\n<h3 class=\"kt-adv-heading1455_8d9f3d-ef wp-block-kadence-advancedheading\" data-kb-block=\"kb-adv-heading1455_8d9f3d-ef\">Contactez-nous<\/h3>\n\n\n<style>.kadence-form-1455_c59546-98 .kb-form .kadence-blocks-form-field .kb-forms-submit{color:#d4aa40;border-width:2px 2px 2px 2px;background:var(--global-palette9, #ffffff);border-color:#d4aa40;}.kadence-form-1455_c59546-98 .kb-form .kadence-blocks-form-field .kb-forms-submit:hover, .kadence-form-1455_c59546-98 .kb-form .kadence-blocks-form-field .kb-forms-submit:focus {color:var(--global-palette9, #ffffff);border-color:var(--global-palette4, #2D3748);background:var(--global-palette4, #2D3748);}.kadence-form-1455_c59546-98 .kb-form .kadence-blocks-form-field .kb-forms-submit{padding-top:5px;padding-right:20px;padding-bottom:5px;padding-left:20px;}.kadence-form-1455_c59546-98 .kb-form .kadence-blocks-form-field .kb-forms-submit{font-size:15px;font-weight:400;}<\/style>\n<div class=\"wp-block-kadence-form kadence-form-1455_c59546-98 kb-form-wrap\"><form class=\"kb-form\" action=\"\" method=\"post\" data-error-message=\"Veuillez remplir toutes les cases avant d'envoyer votre message.\"><div class=\"kadence-blocks-form-field kb-field-desk-width-100 kb-input-size-standard\"><input name=\"kb_field_0\" id=\"kb_field_1455_c59546-98_0\" data-label=\"Nom\" type=\"text\" placeholder=\"Nom\" value=\"\" data-type=\"text\" class=\"kb-field kb-text-style-field kb-text-field kb-field-0\" data-required=\"yes\" data-required-message=\"Champ obligatoire\"\/><\/div><div class=\"kadence-blocks-form-field kb-form-field-1 kb-field-desk-width-100 kb-input-size-standard\"><input name=\"kb_field_1\" id=\"kb_field_1455_c59546-98_1\" data-label=\"Adresse courriel\" type=\"email\" placeholder=\"Adresse courriel\" value=\"\" data-type=\"email\" class=\"kb-field kb-text-style-field kb-email-field kb-field-1\" data-required=\"yes\" data-required-message=\"Champ obligatoire\" data-validation-message=\"Adresse courriel non valide\"\/><\/div><div class=\"kadence-blocks-form-field kb-form-field-2 kb-field-desk-width-100 kb-input-size-standard\"><input name=\"kb_field_2\" id=\"kb_field_1455_c59546-98_2\" data-label=\"Sujet\" type=\"text\" placeholder=\"Sujet\" value=\"\" data-type=\"text\" class=\"kb-field kb-text-style-field kb-text-field kb-field-2\"\/><\/div><div class=\"kadence-blocks-form-field kb-form-field-3 kb-field-desk-width-100 kb-input-size-standard\"><textarea name=\"kb_field_3\" id=\"kb_field_1455_c59546-98_3\" data-label=\"Message\" type=\"textarea\" placeholder=\"Message\" data-type=\"textarea\" class=\"kb-field kb-text-style-field kb-textarea-field kb-field-3\" rows=\"4\" data-required=\"yes\" data-required-message=\"Champ obligatoire\"><\/textarea><\/div><input type=\"hidden\" name=\"_kb_form_id\" value=\"1455_c59546-98\"\/><input type=\"hidden\" name=\"_kb_form_post_id\" value=\"1455\"\/><input type=\"hidden\" name=\"action\" value=\"kb_process_ajax_submit\"\/><input class=\"kadence-blocks-field verify\" type=\"text\" name=\"_kb_verify_email\" autocomplete=\"new-password\" aria-hidden=\"true\" placeholder=\"Email\" tabindex=\"-1\" data-1p-ignore=\"true\" data-lpignore=\"true\" \/><div class=\"kadence-blocks-form-field kb-submit-field kb-field-desk-width-100\"><button class=\"kb-forms-submit button kb-button-size-custom kb-button-width-auto\">ENVOYER<\/button><\/div><\/form><\/div>\n<noscript><div class=\"kadence-blocks-form-message kadence-blocks-form-warning\">Please enable JavaScript in your browser to submit the form<\/div><style>.kadence-form-1455_c59546-98 .kadence-blocks-form-field.kb-submit-field { display: none; }<\/style><\/noscript><\/div><\/div>\n\n\n<style>.kadence-column1455_16f1be-2b > .kt-inside-inner-col,.kadence-column1455_16f1be-2b > .kt-inside-inner-col:before{border-top-left-radius:0px;border-top-right-radius:0px;border-bottom-right-radius:0px;border-bottom-left-radius:0px;}.kadence-column1455_16f1be-2b > .kt-inside-inner-col{column-gap:var(--global-kb-gap-sm, 1rem);}.kadence-column1455_16f1be-2b > .kt-inside-inner-col{flex-direction:column;}.kadence-column1455_16f1be-2b > .kt-inside-inner-col > .aligncenter{width:100%;}.kadence-column1455_16f1be-2b > .kt-inside-inner-col:before{opacity:0.3;}.kadence-column1455_16f1be-2b{position:relative;}@media all and (max-width: 1024px){.kadence-column1455_16f1be-2b > .kt-inside-inner-col{flex-direction:column;}}@media all and (max-width: 767px){.kadence-column1455_16f1be-2b > .kt-inside-inner-col{flex-direction:column;}}<\/style>\n<div class=\"wp-block-kadence-column kadence-column1455_16f1be-2b\"><div class=\"kt-inside-inner-col\"><\/div><\/div>\n\n<\/div><\/div>\n\n<style>.wp-block-kadence-advancedgallery.kb-gallery-wrap-id-1455_3a1d41-62{margin-top:-5px;margin-right:0px;margin-bottom:-30px;margin-left:0px;}.wp-block-kadence-advancedgallery.kb-gallery-wrap-id-1455_3a1d41-62{overflow:hidden;}.kb-gallery-type-carousel.kb-gallery-id-1455_3a1d41-62 .kt-blocks-carousel .kt-blocks-carousel-init:not( .splide-initialized ){margin-left:-0px;margin-right:-0px;}.kb-gallery-type-carousel.kb-gallery-id-1455_3a1d41-62 .kt-blocks-carousel .kt-blocks-carousel-init:not( .splide-initialized ) .kb-slide-item{padding-left:0px;padding-right:0px;}.kb-gallery-id-1455_3a1d41-62 .kadence-blocks-gallery-item .kb-gal-image-radius{border-radius:0px 0px 0px 0px;}<\/style><div class=\"kb-gallery-wrap-id-1455_3a1d41-62 alignnone wp-block-kadence-advancedgallery\"><div class=\"kb-gallery-ul kb-gallery-non-static kb-gallery-type-carousel kb-gallery-id-1455_3a1d41-62 kb-gallery-caption-style-bottom-hover kb-gallery-filter-none\" data-image-filter=\"none\" data-lightbox-caption=\"true\"><div class=\"kt-blocks-carousel kt-carousel-container-dotstyle-none\"><div class=\"kt-blocks-carousel-init kb-gallery-carousel kt-carousel-arrowstyle-none kt-carousel-dotstyle-none\" data-columns-xxl=\"4\" data-columns-xl=\"4\" data-columns-md=\"4\" data-columns-sm=\"3\" data-columns-xs=\"2\" data-columns-ss=\"2\" data-slider-anim-speed=\"400\" data-slider-scroll=\"1\" data-slider-arrows=\"false\" data-slider-dots=\"false\" data-slider-hover-pause=\"false\" data-slider-auto=\"\" data-slider-speed=\"7000\" data-slider-gap=\"0px\" data-slider-gap-tablet=\"0px\" data-slider-gap-mobile=\"0px\"><div class=\"kb-slide-item kb-gallery-carousel-item\"><div class=\"kadence-blocks-gallery-item\"><div class=\"kadence-blocks-gallery-item-inner\"><figure class=\"kb-gallery-figure kadence-blocks-gallery-item-hide-caption\" \"><div class=\"kb-gal-image-radius\"><div class=\"kb-gallery-image-contain kadence-blocks-gallery-intrinsic kb-gallery-image-ratio-land32 kb-has-image-ratio-land32\" ><img decoding=\"async\" loading=\"lazy\" src=\"http:\/\/dktoitures-com.preview-domain.com\/wp-content\/uploads\/2023\/06\/4CBC2E49-7F29-40FD-850B-BD96C46B706A-4-768x1024.jpeg\" width=\"768\" height=\"1024\" alt=\"\" data-full-image=\"http:\/\/dktoitures-com.preview-domain.com\/wp-content\/uploads\/2023\/06\/4CBC2E49-7F29-40FD-850B-BD96C46B706A-4-scaled.jpeg\" data-light-image=\"http:\/\/dktoitures-com.preview-domain.com\/wp-content\/uploads\/2023\/06\/4CBC2E49-7F29-40FD-850B-BD96C46B706A-4-scaled.jpeg\" data-id=\"1691\" class=\"wp-image-1691 skip-lazy\" srcset=\"https:\/\/dktoitures.com\/wp-content\/uploads\/2023\/06\/4CBC2E49-7F29-40FD-850B-BD96C46B706A-4-768x1024.jpeg 768w, https:\/\/dktoitures.com\/wp-content\/uploads\/2023\/06\/4CBC2E49-7F29-40FD-850B-BD96C46B706A-4-225x300.jpeg 225w, https:\/\/dktoitures.com\/wp-content\/uploads\/2023\/06\/4CBC2E49-7F29-40FD-850B-BD96C46B706A-4-1152x1536.jpeg 1152w, https:\/\/dktoitures.com\/wp-content\/uploads\/2023\/06\/4CBC2E49-7F29-40FD-850B-BD96C46B706A-4-1536x2048.jpeg 1536w, https:\/\/dktoitures.com\/wp-content\/uploads\/2023\/06\/4CBC2E49-7F29-40FD-850B-BD96C46B706A-4-scaled.jpeg 1920w\" sizes=\"(max-width: 768px) 100vw, 768px\" \/><\/div><\/div><\/figure><\/div><\/div><\/div><div class=\"kb-slide-item kb-gallery-carousel-item\"><div class=\"kadence-blocks-gallery-item\"><div class=\"kadence-blocks-gallery-item-inner\"><figure class=\"kb-gallery-figure kadence-blocks-gallery-item-hide-caption\" \"><div class=\"kb-gal-image-radius\"><div class=\"kb-gallery-image-contain kadence-blocks-gallery-intrinsic kb-gallery-image-ratio-land32 kb-has-image-ratio-land32\" ><img decoding=\"async\" loading=\"lazy\" src=\"http:\/\/dktoitures-com.preview-domain.com\/wp-content\/uploads\/2023\/06\/7F9DE98B-8403-4C08-B14A-7D38DB9D91CB-1-1024x768.jpeg\" width=\"1024\" height=\"768\" alt=\"\" data-full-image=\"http:\/\/dktoitures-com.preview-domain.com\/wp-content\/uploads\/2023\/06\/7F9DE98B-8403-4C08-B14A-7D38DB9D91CB-1-scaled.jpeg\" data-light-image=\"http:\/\/dktoitures-com.preview-domain.com\/wp-content\/uploads\/2023\/06\/7F9DE98B-8403-4C08-B14A-7D38DB9D91CB-1-scaled.jpeg\" data-id=\"1692\" class=\"wp-image-1692 skip-lazy\" srcset=\"https:\/\/dktoitures.com\/wp-content\/uploads\/2023\/06\/7F9DE98B-8403-4C08-B14A-7D38DB9D91CB-1-1024x768.jpeg 1024w, https:\/\/dktoitures.com\/wp-content\/uploads\/2023\/06\/7F9DE98B-8403-4C08-B14A-7D38DB9D91CB-1-300x225.jpeg 300w, https:\/\/dktoitures.com\/wp-content\/uploads\/2023\/06\/7F9DE98B-8403-4C08-B14A-7D38DB9D91CB-1-768x576.jpeg 768w, https:\/\/dktoitures.com\/wp-content\/uploads\/2023\/06\/7F9DE98B-8403-4C08-B14A-7D38DB9D91CB-1-1536x1152.jpeg 1536w, https:\/\/dktoitures.com\/wp-content\/uploads\/2023\/06\/7F9DE98B-8403-4C08-B14A-7D38DB9D91CB-1-2048x1536.jpeg 2048w\" sizes=\"(max-width: 1024px) 100vw, 1024px\" \/><\/div><\/div><\/figure><\/div><\/div><\/div><div class=\"kb-slide-item kb-gallery-carousel-item\"><div class=\"kadence-blocks-gallery-item\"><div class=\"kadence-blocks-gallery-item-inner\"><figure class=\"kb-gallery-figure kadence-blocks-gallery-item-hide-caption\" \"><div class=\"kb-gal-image-radius\"><div class=\"kb-gallery-image-contain kadence-blocks-gallery-intrinsic kb-gallery-image-ratio-land32 kb-has-image-ratio-land32\" ><img decoding=\"async\" loading=\"lazy\" src=\"http:\/\/dktoitures-com.preview-domain.com\/wp-content\/uploads\/2023\/06\/9C9E782A-8499-410C-85DB-D89A903456B5-4-1024x768.jpeg\" width=\"1024\" height=\"768\" alt=\"\" data-full-image=\"http:\/\/dktoitures-com.preview-domain.com\/wp-content\/uploads\/2023\/06\/9C9E782A-8499-410C-85DB-D89A903456B5-4-scaled.jpeg\" data-light-image=\"http:\/\/dktoitures-com.preview-domain.com\/wp-content\/uploads\/2023\/06\/9C9E782A-8499-410C-85DB-D89A903456B5-4-scaled.jpeg\" data-id=\"1693\" class=\"wp-image-1693 skip-lazy\" srcset=\"https:\/\/dktoitures.com\/wp-content\/uploads\/2023\/06\/9C9E782A-8499-410C-85DB-D89A903456B5-4-1024x768.jpeg 1024w, https:\/\/dktoitures.com\/wp-content\/uploads\/2023\/06\/9C9E782A-8499-410C-85DB-D89A903456B5-4-300x225.jpeg 300w, https:\/\/dktoitures.com\/wp-content\/uploads\/2023\/06\/9C9E782A-8499-410C-85DB-D89A903456B5-4-768x576.jpeg 768w, https:\/\/dktoitures.com\/wp-content\/uploads\/2023\/06\/9C9E782A-8499-410C-85DB-D89A903456B5-4-1536x1152.jpeg 1536w, https:\/\/dktoitures.com\/wp-content\/uploads\/2023\/06\/9C9E782A-8499-410C-85DB-D89A903456B5-4-2048x1536.jpeg 2048w\" sizes=\"(max-width: 1024px) 100vw, 1024px\" \/><\/div><\/div><\/figure><\/div><\/div><\/div><div class=\"kb-slide-item kb-gallery-carousel-item\"><div class=\"kadence-blocks-gallery-item\"><div class=\"kadence-blocks-gallery-item-inner\"><figure class=\"kb-gallery-figure kadence-blocks-gallery-item-hide-caption\" \"><div class=\"kb-gal-image-radius\"><div class=\"kb-gallery-image-contain kadence-blocks-gallery-intrinsic kb-gallery-image-ratio-land32 kb-has-image-ratio-land32\" ><img decoding=\"async\" loading=\"lazy\" src=\"http:\/\/dktoitures-com.preview-domain.com\/wp-content\/uploads\/2023\/06\/B6331048-10A1-417D-893F-FAE6F350B352-1-1024x768.jpeg\" width=\"1024\" height=\"768\" alt=\"\" data-full-image=\"http:\/\/dktoitures-com.preview-domain.com\/wp-content\/uploads\/2023\/06\/B6331048-10A1-417D-893F-FAE6F350B352-1-scaled.jpeg\" data-light-image=\"http:\/\/dktoitures-com.preview-domain.com\/wp-content\/uploads\/2023\/06\/B6331048-10A1-417D-893F-FAE6F350B352-1-scaled.jpeg\" data-id=\"1694\" class=\"wp-image-1694 skip-lazy\" srcset=\"https:\/\/dktoitures.com\/wp-content\/uploads\/2023\/06\/B6331048-10A1-417D-893F-FAE6F350B352-1-1024x768.jpeg 1024w, https:\/\/dktoitures.com\/wp-content\/uploads\/2023\/06\/B6331048-10A1-417D-893F-FAE6F350B352-1-300x225.jpeg 300w, https:\/\/dktoitures.com\/wp-content\/uploads\/2023\/06\/B6331048-10A1-417D-893F-FAE6F350B352-1-768x576.jpeg 768w, https:\/\/dktoitures.com\/wp-content\/uploads\/2023\/06\/B6331048-10A1-417D-893F-FAE6F350B352-1-1536x1152.jpeg 1536w, https:\/\/dktoitures.com\/wp-content\/uploads\/2023\/06\/B6331048-10A1-417D-893F-FAE6F350B352-1-2048x1536.jpeg 2048w\" sizes=\"(max-width: 1024px) 100vw, 1024px\" \/><\/div><\/div><\/figure><\/div><\/div><\/div><\/div><\/div><\/div><\/div>\n\n<style>.wp-block-kadence-spacer.kt-block-spacer-1455_d97413-4f .kt-block-spacer{height:60px;}.wp-block-kadence-spacer.kt-block-spacer-1455_d97413-4f .kt-divider{border-top-width:1px;height:1px;border-top-color:#eee;width:80%;border-top-style:solid;}<\/style>\n<div class=\"wp-block-kadence-spacer aligncenter kt-block-spacer-1455_d97413-4f\"><div class=\"kt-block-spacer kt-block-spacer-halign-center\"><hr class=\"kt-divider\"\/><\/div><\/div>\n","protected":false},"excerpt":{"rendered":"<p>Nous joindre dktoituresinc@outlook.com | (514) 663-3811 Vous avez des questions ? Nous restons disponibles pour r\u00e9pondre \u00e0 vos questions \u00e0 tout moment. Faites-nous part de vos questionnements ou toutes autres demandes et nous nous&nbsp;engageons&nbsp;de vous&nbsp;r\u00e9pondre dans un d\u00e9lai de moins de 48 heures.&nbsp; Contactez-nous<\/p>\n","protected":false},"author":1,"featured_media":1568,"parent":0,"menu_order":0,"comment_status":"closed","ping_status":"closed","template":"","meta":{"_kadence_starter_templates_imported_post":true,"_kad_post_transparent":"enable","_kad_post_title":"hide","_kad_post_layout":"fullwidth","_kad_post_sidebar_id":"","_kad_post_content_style":"unboxed","_kad_post_vertical_padding":"hide","_kad_post_feature":"","_kad_post_feature_position":"","_kad_post_header":false,"_kad_post_footer":false},"_links":{"self":[{"href":"https:\/\/dktoitures.com\/index.php?rest_route=\/wp\/v2\/pages\/1455"}],"collection":[{"href":"https:\/\/dktoitures.com\/index.php?rest_route=\/wp\/v2\/pages"}],"about":[{"href":"https:\/\/dktoitures.com\/index.php?rest_route=\/wp\/v2\/types\/page"}],"author":[{"embeddable":true,"href":"https:\/\/dktoitures.com\/index.php?rest_route=\/wp\/v2\/users\/1"}],"replies":[{"embeddable":true,"href":"https:\/\/dktoitures.com\/index.php?rest_route=%2Fwp%2Fv2%2Fcomments&post=1455"}],"version-history":[{"count":28,"href":"https:\/\/dktoitures.com\/index.php?rest_route=\/wp\/v2\/pages\/1455\/revisions"}],"predecessor-version":[{"id":2147,"href":"https:\/\/dktoitures.com\/index.php?rest_route=\/wp\/v2\/pages\/1455\/revisions\/2147"}],"wp:featuredmedia":[{"embeddable":true,"href":"https:\/\/dktoitures.com\/index.php?rest_route=\/wp\/v2\/media\/1568"}],"wp:attachment":[{"href":"https:\/\/dktoitures.com\/index.php?rest_route=%2Fwp%2Fv2%2Fmedia&parent=1455"}],"curies":[{"name":"wp","href":"https:\/\/api.w.org\/{rel}","templated":true}]}}